{"id":1222,"date":"2026-05-12T01:11:18","date_gmt":"2026-05-12T01:11:18","guid":{"rendered":"https:\/\/fundacionbesares.org\/?page_id=1222"},"modified":"2026-05-12T02:05:02","modified_gmt":"2026-05-12T02:05:02","slug":"besares-berlin-new","status":"publish","type":"page","link":"https:\/\/fundacionbesares.org\/deu\/besares-berlin-new\/","title":{"rendered":"Besares Berlin &#8211; New"},"content":{"rendered":"<div class=\"wpb-content-wrapper\"><p>[vc_section full_width=&#8220;stretch_row_content&#8220; full_height=&#8220;yes&#8220; content_placement=&#8220;top&#8220; css=&#8220;.vc_custom_1778548503852{padding-top: 5vh !important;padding-bottom: 5vh !important;background-image: url(http:\/\/fundacionbesares.org\/wp-content\/uploads\/2022\/06\/besares-berlin-sin-fondo.png?id=654) !important;background-position: center !important;background-repeat: no-repeat !important;background-size: cover !important;}&#8220; el_id=&#8220;hero&#8220;][vc_row full_height=&#8220;yes&#8220;][vc_column offset=&#8220;vc_col-lg-offset-3 vc_col-lg-6&#8243;][vc_single_image image=&#8220;651&#8243; img_size=&#8220;FULL&#8220; alignment=&#8220;center&#8220; css=&#8220;&#8220;][vc_custom_heading text=&#8220;BESARES-BERLIN&#8220; font_container=&#8220;tag:h1|font_size:80px|text_align:center|color:%23000000&#8243; use_theme_fonts=&#8220;yes&#8220; css=&#8220;&#8220; el_class=&#8220;cindie&#8220;][vc_custom_heading text=&#8220;EL CIRCUITO &#8211; DER ZIRKEL&#8220; font_container=&#8220;tag:h2|font_size:24pt|text_align:center|color:%23FFFFFF&#8220; use_theme_fonts=&#8220;yes&#8220; css=&#8220;&#8220; el_class=&#8220;cindie&#8220;][vc_custom_heading text=&#8220;Eine Plattform zur Vernetzung von Berliner und lateinamerikanischen Musikern&#8220; font_container=&#8220;tag:h3|font_size:16pt|text_align:center&#8220; use_theme_fonts=&#8220;yes&#8220; css=&#8220;&#8220; el_class=&#8220;cindie negro&#8220;][\/vc_column][\/vc_row][\/vc_section][vc_section full_width=&#8220;stretch_row&#8220; css=&#8220;.vc_custom_1776084805865{background-color: #E11612 !important;}&#8220; el_id=&#8220;funda&#8220;][vc_row el_id=&#8220;funda-texto&#8220;][vc_column][vc_empty_space height=&#8220;10vh&#8220;][\/vc_column][\/vc_row][vc_row][vc_column][vc_column_text css=&#8220;&#8220; el_class=&#8220;negro&#8220;]<\/p>\n<h2 style=\"text-align: center;\">BESARES BERL\u00cdN<\/h2>\n<p>[\/vc_column_text][\/vc_column][\/vc_row][vc_row css=&#8220;.vc_custom_1776176023752{margin-top: -8vh !important;background-color: #FFFFFF !important;}&#8220;][vc_column width=&#8220;1\/2&#8243; offset=&#8220;vc_col-lg-offset-1 vc_col-lg-5&#8243;][vc_column_text css=&#8220;&#8220; el_class=&#8220;tipo-lectura&#8220;]Die Fundaci\u00f3n Besares f\u00fchrt ihre Arbeit in Berlin in Zusammenarbeit mit ATOC soundlab durch, einer Musikproduktions-, Booking- und Kulturmanagementplattform mit Sitz im Berliner Funkhaus, die K\u00fcnstler vernetzt, Konzerte organisiert und Residenzen entwickelt, die sich auf Zusammenarbeit, Technologie und soziale Wirkung konzentrieren.[\/vc_column_text][vc_column_text css=&#8220;&#8220; el_class=&#8220;tipo-lectura&#8220;]Das Projekt f\u00f6rdert den Austausch zwischen Argentinien und Deutschland und verkn\u00fcpft k\u00fcnstlerische Praktiken, kulturelle Kontexte und unterschiedliche Denkweisen \u00fcber das Verh\u00e4ltnis von Kunst, Raum und Gesellschaft. Die Stiftung setzt ihren bisherigen Weg fort und integriert musikalisches Schaffen in die Gemeinwesenarbeit als zentralen Schwerpunkt.[\/vc_column_text][\/vc_column][vc_column width=&#8220;1\/2&#8243; offset=&#8220;vc_col-lg-5&#8243;][vc_column_text css=&#8220;&#8220; el_class=&#8220;tipo-lectura&#8220;]Die Residenzen bringen Musiker aus Berlin und Buenos Aires zusammen, um gemeinsam kreative Prozesse zu entwickeln und eigene Werke zu schaffen. W\u00e4hrend dieser Zeit arbeiten die K\u00fcnstler nicht nur an ihren Projekten, sondern nehmen auch an Workshops, Auff\u00fchrungen und Aktivit\u00e4ten mit lokalen Gemeinschaften teil.[\/vc_column_text][vc_column_text css=&#8220;&#8220; el_class=&#8220;tipo-lectura&#8220;]Die von einem Team aus Musikern und Kulturmanagern getragenen Residenzen in Buenos Aires und Berlin legen Wert auf gemeinschaftliches Schaffen und kulturellen Austausch und schaffen Erlebnisse, die eine konkrete soziale Wirkung erzielen und zu einer vielf\u00e4ltigeren und nachhaltigeren Musikszene beitragen sollen.[\/vc_column_text][\/vc_column][\/vc_row][vc_row][vc_column][vc_empty_space height=&#8220;10vh&#8220;][\/vc_column][\/vc_row][\/vc_section][vc_section full_width=&#8220;stretch_row_content&#8220; content_placement=&#8220;middle&#8220; parallax=&#8220;content-moving&#8220; css=&#8220;.vc_custom_1778549252719{background-image: url(http:\/\/fundacionbesares.org\/wp-content\/uploads\/2022\/06\/besares-berlin-2.jpg?id=663) !important;background-position: center !important;background-repeat: no-repeat !important;background-size: cover !important;}&#8220;][vc_row][vc_column][vc_empty_space height=&#8220;40vh&#8220;][vc_custom_heading text=&#8220;TRICONE STUDIOS + FUNKHAUS&#8220; font_container=&#8220;tag:h3|font_size:16pt|text_align:center&#8220; use_theme_fonts=&#8220;yes&#8220; css=&#8220;&#8220; el_class=&#8220;cindie negro&#8220;][vc_empty_space height=&#8220;40vh&#8220;][\/vc_column][\/vc_row][\/vc_section][vc_section full_width=&#8220;stretch_row_content&#8220; css=&#8220;.vc_custom_1778549668766{background-image: url(http:\/\/fundacionbesares.org\/wp-content\/uploads\/2022\/06\/Funkhausmusicprod_Liveroom.jpg?id=659) !important;background-position: center !important;background-repeat: no-repeat !important;background-size: cover !important;}&#8220; el_id=&#8220;disco-sol&#8220;][vc_row full_width=&#8220;stretch_row&#8220;][vc_column offset=&#8220;vc_col-lg-offset-3 vc_col-lg-6&#8243;][vc_empty_space height=&#8220;5vh&#8220;][vc_empty_space height=&#8220;5vh&#8220;][vc_empty_space height=&#8220;5vh&#8220;][vc_column_text css=&#8220;&#8220; el_class=&#8220;blanco&#8220;]<\/p>\n<h2 style=\"text-align: center;\">TRICONE STUDIOS<\/h2>\n<p>[\/vc_column_text][\/vc_column][\/vc_row][vc_row full_width=&#8220;stretch_row_content&#8220; css=&#8220;.vc_custom_1776104768027{background-color: #000000 !important;}&#8220; el_id=&#8220;bloque-negro-1&#8243;][vc_column offset=&#8220;vc_col-lg-offset-1 vc_col-lg-10&#8243;][vc_column_text css=&#8220;&#8220; el_class=&#8220;tipo-lectura blanco&#8220;]<\/p>\n<p style=\"text-align: center;\">Das Projekt wird von einem spanischsprachigen Team geleitet, das eine kleine, bestehende Community weiterentwickeln und ausbauen m\u00f6chte, um einen Traum-Aufnahmeraum f\u00fcr jeden Musiker zu schaffen: die Tricone Studios im legend\u00e4ren Funkhaus. Das Studio wird seit acht Jahren von Argentiniern gef\u00fchrt und zeichnet sich nicht nur durch seine Ausstattung und die Qualit\u00e4t seiner Toningenieure aus, sondern auch durch seinen wundersch\u00f6nen Saal. Dieser diente einst als Rundfunkstudio w\u00e4hrend der DDR-Zeit und wurde 1956 von den Bauingenieuren des Geb\u00e4udes nach h\u00f6chsten akustischen Standards errichtet. Weitere Informationen finden Sie unter: http:\/\/www.triconestudios.com\/<\/p>\n<p>[\/vc_column_text][\/vc_column][\/vc_row][vc_row full_width=&#8220;stretch_row&#8220;][vc_column offset=&#8220;vc_col-lg-offset-3 vc_col-lg-6&#8243;][vc_empty_space height=&#8220;5vh&#8220;][\/vc_column][\/vc_row][\/vc_section][vc_section full_width=&#8220;stretch_row_content&#8220; css=&#8220;.vc_custom_1776175656677{background-color: #E11612 !important;}&#8220; el_id=&#8220;equipo&#8220;][vc_row][vc_column][vc_empty_space height=&#8220;5vh&#8220;][vc_column_text css=&#8220;&#8220; el_class=&#8220;negro&#8220;]<\/p>\n<h2 style=\"text-align: center;\">BEGLEITEN SIE UNS<\/h2>\n<p>[\/vc_column_text][vc_empty_space height=&#8220;5vh&#8220;][\/vc_column][\/vc_row][vc_row][vc_column]\n<div class=\"wpcf7 no-js\" id=\"wpcf7-f619-o1\" lang=\"es-ES\" dir=\"ltr\" data-wpcf7-id=\"619\">\n<div class=\"screen-reader-response\"><p role=\"status\" aria-live=\"polite\" aria-atomic=\"true\"><\/p> <ul><\/ul><\/div>\n<form action=\"\/deu\/wp-json\/wp\/v2\/pages\/1222#wpcf7-f619-o1\" method=\"post\" class=\"wpcf7-form init\" aria-label=\"Formulario de contacto\" novalidate=\"novalidate\" data-status=\"init\">\n<fieldset class=\"hidden-fields-container\"><input type=\"hidden\" name=\"_wpcf7\" value=\"619\" \/><input type=\"hidden\" name=\"_wpcf7_version\" value=\"6.1.5\" \/><input type=\"hidden\" name=\"_wpcf7_locale\" value=\"es_ES\" \/><input type=\"hidden\" name=\"_wpcf7_unit_tag\" value=\"wpcf7-f619-o1\" \/><input type=\"hidden\" name=\"_wpcf7_container_post\" value=\"0\" \/><input type=\"hidden\" name=\"_wpcf7_posted_data_hash\" value=\"\" \/><input type=\"hidden\" name=\"lang\" value=\"deu\" \/>\n<\/fieldset>\n<div id=\"formu\">\n\n<!-- INFO PERSONAL -->\n\t<div class=\"grupo\">\n\t\t<div class=\"campo\">\n\t\t\t<p><label>Nombre<\/label><br \/>\n<span class=\"wpcf7-form-control-wrap\" data-name=\"nombre\"><input size=\"40\" maxlength=\"400\" class=\"wpcf7-form-control wpcf7-text\" aria-invalid=\"false\" value=\"\" type=\"text\" name=\"nombre\" \/><\/span>\n\t\t\t<\/p>\n\t\t<\/div>\n\t\t<div class=\"campo\">\n\t\t\t<p><label>Apellido<\/label><br \/>\n<span class=\"wpcf7-form-control-wrap\" data-name=\"apellido\"><input size=\"40\" maxlength=\"400\" class=\"wpcf7-form-control wpcf7-text\" aria-invalid=\"false\" value=\"\" type=\"text\" name=\"apellido\" \/><\/span>\n\t\t\t<\/p>\n\t\t<\/div>\n\t\t<div class=\"campo doble\">\n\t\t\t<div>\n\t\t\t\t<p><label>E-mail<\/label><br \/>\n<span class=\"wpcf7-form-control-wrap\" data-name=\"email\"><input size=\"40\" maxlength=\"400\" class=\"wpcf7-form-control wpcf7-email wpcf7-validates-as-required wpcf7-text wpcf7-validates-as-email\" aria-required=\"true\" aria-invalid=\"false\" value=\"\" type=\"email\" name=\"email\" \/><\/span>\n\t\t\t\t<\/p>\n\t\t\t<\/div>\n\t\t\t<div>\n\t\t\t\t<p><label>Tel\u00e9fono<\/label><br \/>\n<span class=\"wpcf7-form-control-wrap\" data-name=\"telefono\"><input size=\"40\" maxlength=\"400\" class=\"wpcf7-form-control wpcf7-tel wpcf7-text wpcf7-validates-as-tel\" aria-invalid=\"false\" value=\"\" type=\"tel\" name=\"telefono\" \/><\/span>\n\t\t\t\t<\/p>\n\t\t\t<\/div>\n\t\t<\/div>\n\t\t<div class=\"campo doble\">\n\t\t\t<div>\n\t\t\t\t<p><label>Nacionalidad<\/label><br \/>\n<span class=\"wpcf7-form-control-wrap\" data-name=\"nacionalidad\"><input size=\"40\" maxlength=\"400\" class=\"wpcf7-form-control wpcf7-text\" aria-invalid=\"false\" value=\"\" type=\"text\" name=\"nacionalidad\" \/><\/span>\n\t\t\t\t<\/p>\n\t\t\t<\/div>\n\t\t\t<div>\n\t\t\t\t<p><label>Fecha de llegada a Berlin<\/label><br \/>\n<span class=\"wpcf7-form-control-wrap\" data-name=\"fecha-llegada\"><input class=\"wpcf7-form-control wpcf7-date wpcf7-validates-as-date\" aria-invalid=\"false\" value=\"\" type=\"date\" name=\"fecha-llegada\" \/><\/span>\n\t\t\t\t<\/p>\n\t\t\t<\/div>\n\t\t<\/div>\n\t<\/div>\n\n<!-- DESCRIPCI\u00d3N -->\n\t<div class=\"grupo\">\n\t\t<div class=\"campo\">\n\t\t\t<p><label>Descripci\u00f3n de tu actividad en la m\u00fasica<\/label><br \/>\n<span class=\"wpcf7-form-control-wrap\" data-name=\"actividad-musical\"><textarea cols=\"40\" rows=\"10\" maxlength=\"2000\" class=\"wpcf7-form-control wpcf7-textarea\" aria-invalid=\"false\" name=\"actividad-musical\"><\/textarea><\/span>\n\t\t\t<\/p>\n\t\t<\/div>\n\t\t<div class=\"campo\">\n\t\t\t<p><label>Especialidad \/ Estilo musical<\/label><br \/>\n<span class=\"wpcf7-form-control-wrap\" data-name=\"estilo\"><input size=\"40\" maxlength=\"400\" class=\"wpcf7-form-control wpcf7-text\" aria-invalid=\"false\" value=\"\" type=\"text\" name=\"estilo\" \/><\/span>\n\t\t\t<\/p>\n\t\t<\/div>\n\t<\/div>\n\n<!-- ROLES -->\n\t<div class=\"grupo roles\">\n\t\t<div class=\"fila\">\n\t\t\t<p><span>Compositor<\/span><br \/>\n<span class=\"wpcf7-form-control-wrap\" data-name=\"compositor\"><span class=\"wpcf7-form-control wpcf7-radio\"><span class=\"wpcf7-list-item first\"><label><input type=\"radio\" name=\"compositor\" value=\"si\" \/><span class=\"wpcf7-list-item-label\">si<\/span><\/label><\/span><span class=\"wpcf7-list-item last\"><label><input type=\"radio\" name=\"compositor\" value=\"no\" \/><span class=\"wpcf7-list-item-label\">no<\/span><\/label><\/span><\/span><\/span>\n\t\t\t<\/p>\n\t\t<\/div>\n\t\t<div class=\"fila\">\n\t\t\t<p><span>Cantante<\/span><br \/>\n<span class=\"wpcf7-form-control-wrap\" data-name=\"cantante\"><span class=\"wpcf7-form-control wpcf7-radio\"><span class=\"wpcf7-list-item first\"><label><input type=\"radio\" name=\"cantante\" value=\"si\" \/><span class=\"wpcf7-list-item-label\">si<\/span><\/label><\/span><span class=\"wpcf7-list-item last\"><label><input type=\"radio\" name=\"cantante\" value=\"no\" \/><span class=\"wpcf7-list-item-label\">no<\/span><\/label><\/span><\/span><\/span>\n\t\t\t<\/p>\n\t\t<\/div>\n\t\t<div class=\"fila\">\n\t\t\t<p><span>Productor art\u00edstico<\/span><br \/>\n<span class=\"wpcf7-form-control-wrap\" data-name=\"productor\"><span class=\"wpcf7-form-control wpcf7-radio\"><span class=\"wpcf7-list-item first\"><label><input type=\"radio\" name=\"productor\" value=\"si\" \/><span class=\"wpcf7-list-item-label\">si<\/span><\/label><\/span><span class=\"wpcf7-list-item last\"><label><input type=\"radio\" name=\"productor\" value=\"no\" \/><span class=\"wpcf7-list-item-label\">no<\/span><\/label><\/span><\/span><\/span>\n\t\t\t<\/p>\n\t\t<\/div>\n\t\t<div class=\"fila\">\n\t\t\t<p><span>Ingeniero de sonido<\/span><br \/>\n<span class=\"wpcf7-form-control-wrap\" data-name=\"ingeniero\"><span class=\"wpcf7-form-control wpcf7-radio\"><span class=\"wpcf7-list-item first\"><label><input type=\"radio\" name=\"ingeniero\" value=\"En vivo\" \/><span class=\"wpcf7-list-item-label\">En vivo<\/span><\/label><\/span><span class=\"wpcf7-list-item\"><label><input type=\"radio\" name=\"ingeniero\" value=\"Grabaci\u00f3n\" \/><span class=\"wpcf7-list-item-label\">Grabaci\u00f3n<\/span><\/label><\/span><span class=\"wpcf7-list-item\"><label><input type=\"radio\" name=\"ingeniero\" value=\"Mix\" \/><span class=\"wpcf7-list-item-label\">Mix<\/span><\/label><\/span><span class=\"wpcf7-list-item\"><label><input type=\"radio\" name=\"ingeniero\" value=\"Master\" \/><span class=\"wpcf7-list-item-label\">Master<\/span><\/label><\/span><span class=\"wpcf7-list-item last\"><label><input type=\"radio\" name=\"ingeniero\" value=\"No\" \/><span class=\"wpcf7-list-item-label\">No<\/span><\/label><\/span><\/span><\/span>\n\t\t\t<\/p>\n\t\t<\/div>\n\t<\/div>\n\n<!-- BLOQUES COMPLEJOS -->\n\t<div class=\"grupo doble\">\n\t\t<div class=\"bloque\">\n\t\t\t<p><span>Banda<\/span><br \/>\n<span class=\"wpcf7-form-control-wrap\" data-name=\"banda\"><span class=\"wpcf7-form-control wpcf7-radio\"><span class=\"wpcf7-list-item first\"><label><input type=\"radio\" name=\"banda\" value=\"si\" \/><span class=\"wpcf7-list-item-label\">si<\/span><\/label><\/span><span class=\"wpcf7-list-item last\"><label><input type=\"radio\" name=\"banda\" value=\"no\" \/><span class=\"wpcf7-list-item-label\">no<\/span><\/label><\/span><\/span><\/span><br \/>\n<label class=\"sub\">Nombre<\/label><br \/>\n<span class=\"wpcf7-form-control-wrap\" data-name=\"banda-nombre\"><input size=\"40\" maxlength=\"400\" class=\"wpcf7-form-control wpcf7-text\" aria-invalid=\"false\" value=\"\" type=\"text\" name=\"banda-nombre\" \/><\/span>\n\t\t\t<\/p>\n\t\t<\/div>\n\t\t<div class=\"bloque\">\n\t\t\t<p><span>Arreglador<\/span><br \/>\n<span class=\"wpcf7-form-control-wrap\" data-name=\"arreglador\"><span class=\"wpcf7-form-control wpcf7-radio\"><span class=\"wpcf7-list-item first\"><label><input type=\"radio\" name=\"arreglador\" value=\"si\" \/><span class=\"wpcf7-list-item-label\">si<\/span><\/label><\/span><span class=\"wpcf7-list-item last\"><label><input type=\"radio\" name=\"arreglador\" value=\"no\" \/><span class=\"wpcf7-list-item-label\">no<\/span><\/label><\/span><\/span><\/span>\n\t\t\t<\/p>\n\t\t<\/div>\n\t\t<div class=\"bloque\">\n\t\t\t<p><span>Estudio<\/span><br \/>\n<span class=\"wpcf7-form-control-wrap\" data-name=\"estudio\"><span class=\"wpcf7-form-control wpcf7-radio\"><span class=\"wpcf7-list-item first\"><label><input type=\"radio\" name=\"estudio\" value=\"si\" \/><span class=\"wpcf7-list-item-label\">si<\/span><\/label><\/span><span class=\"wpcf7-list-item last\"><label><input type=\"radio\" name=\"estudio\" value=\"no\" \/><span class=\"wpcf7-list-item-label\">no<\/span><\/label><\/span><\/span><\/span><br \/>\n<label class=\"sub\">Nombre y lugar<\/label><br \/>\n<span class=\"wpcf7-form-control-wrap\" data-name=\"estudio-nombre\"><input size=\"40\" maxlength=\"400\" class=\"wpcf7-form-control wpcf7-text\" aria-invalid=\"false\" value=\"\" type=\"text\" name=\"estudio-nombre\" \/><\/span>\n\t\t\t<\/p>\n\t\t<\/div>\n\t\t<div class=\"bloque\">\n\t\t\t<p><span>Publicidad y doblaje<\/span><br \/>\n<span class=\"wpcf7-form-control-wrap\" data-name=\"publicidad-doblaje\"><span class=\"wpcf7-form-control wpcf7-radio\"><span class=\"wpcf7-list-item first\"><label><input type=\"radio\" name=\"publicidad-doblaje\" value=\"si\" \/><span class=\"wpcf7-list-item-label\">si<\/span><\/label><\/span><span class=\"wpcf7-list-item last\"><label><input type=\"radio\" name=\"publicidad-doblaje\" value=\"no\" \/><span class=\"wpcf7-list-item-label\">no<\/span><\/label><\/span><\/span><\/span>\n\t\t\t<\/p>\n\t\t<\/div>\n\t<\/div>\n\n<!-- LINKS -->\n\t<div class=\"grupo\">\n\t\t<div class=\"campo\">\n\t\t\t<p><label>Website y\/o redes<\/label><br \/>\n<span class=\"wpcf7-form-control-wrap\" data-name=\"website\"><input size=\"40\" maxlength=\"400\" class=\"wpcf7-form-control wpcf7-text\" aria-invalid=\"false\" value=\"\" type=\"text\" name=\"website\" \/><\/span>\n\t\t\t<\/p>\n\t\t<\/div>\n\t\t<div class=\"campo\">\n\t\t\t<p><label>Playlist<\/label><br \/>\n<span class=\"wpcf7-form-control-wrap\" data-name=\"playlist\"><input size=\"40\" maxlength=\"400\" class=\"wpcf7-form-control wpcf7-text\" aria-invalid=\"false\" value=\"\" type=\"text\" name=\"playlist\" \/><\/span>\n\t\t\t<\/p>\n\t\t<\/div>\n\t<\/div>\n\n<!-- MANAGER \/ PRENSA -->\n\t<div class=\"grupo doble\">\n\t\t<div class=\"bloque\">\n\t\t\t<p><span>Manager<\/span><br \/>\n<span class=\"wpcf7-form-control-wrap\" data-name=\"managerRad\"><span class=\"wpcf7-form-control wpcf7-radio\"><span class=\"wpcf7-list-item first\"><label><input type=\"radio\" name=\"managerRad\" value=\"si\" \/><span class=\"wpcf7-list-item-label\">si<\/span><\/label><\/span><span class=\"wpcf7-list-item last\"><label><input type=\"radio\" name=\"managerRad\" value=\"no\" \/><span class=\"wpcf7-list-item-label\">no<\/span><\/label><\/span><\/span><\/span><br \/>\n<label class=\"sub\">Links<\/label><br \/>\n<span class=\"wpcf7-form-control-wrap\" data-name=\"manager\"><input size=\"40\" maxlength=\"400\" class=\"wpcf7-form-control wpcf7-text\" aria-invalid=\"false\" value=\"\" type=\"text\" name=\"manager\" \/><\/span>\n\t\t\t<\/p>\n\t\t<\/div>\n\t\t<div class=\"bloque\">\n\t\t\t<p><span>Agente de prensa<\/span><br \/>\n<span class=\"wpcf7-form-control-wrap\" data-name=\"prensaRad\"><span class=\"wpcf7-form-control wpcf7-radio\"><span class=\"wpcf7-list-item first\"><label><input type=\"radio\" name=\"prensaRad\" value=\"si\" \/><span class=\"wpcf7-list-item-label\">si<\/span><\/label><\/span><span class=\"wpcf7-list-item last\"><label><input type=\"radio\" name=\"prensaRad\" value=\"no\" \/><span class=\"wpcf7-list-item-label\">no<\/span><\/label><\/span><\/span><\/span><br \/>\n<label class=\"sub\">Links<\/label><br \/>\n<span class=\"wpcf7-form-control-wrap\" data-name=\"prensa\"><input size=\"40\" maxlength=\"400\" class=\"wpcf7-form-control wpcf7-text\" aria-invalid=\"false\" value=\"\" type=\"text\" name=\"prensa\" \/><\/span>\n\t\t\t<\/p>\n\t\t<\/div>\n\t<\/div>\n\n<!-- VENUE -->\n\t<div class=\"grupo\">\n\t\t<div class=\"bloque\">\n\t\t\t<p><span>\u00bfEs un lugar para tocar?<\/span><br \/>\n<span class=\"wpcf7-form-control-wrap\" data-name=\"venueRad\"><span class=\"wpcf7-form-control wpcf7-radio\"><span class=\"wpcf7-list-item first\"><label><input type=\"radio\" name=\"venueRad\" value=\"si\" \/><span class=\"wpcf7-list-item-label\">si<\/span><\/label><\/span><span class=\"wpcf7-list-item last\"><label><input type=\"radio\" name=\"venueRad\" value=\"no\" \/><span class=\"wpcf7-list-item-label\">no<\/span><\/label><\/span><\/span><\/span><br \/>\n<label class=\"sub\">Links<\/label><br \/>\n<span class=\"wpcf7-form-control-wrap\" data-name=\"venue\"><input size=\"40\" maxlength=\"400\" class=\"wpcf7-form-control wpcf7-text\" aria-invalid=\"false\" value=\"\" type=\"text\" name=\"venue\" \/><\/span>\n\t\t\t<\/p>\n\t\t<\/div>\n\t<\/div>\n\n<!-- SUBMIT -->\n\t<div class=\"submit-wrap\">\n\t\t<p><input class=\"wpcf7-form-control wpcf7-submit has-spinner\" type=\"submit\" value=\"Enviar\" \/>\n\t\t<\/p>\n\t<\/div>\n<div class=\"wpcf7-response-output\" aria-hidden=\"true\"><\/div>\n<\/div><input type='hidden' class='wpcf7-pum' value='{\"closepopup\":false,\"closedelay\":0,\"openpopup\":false,\"openpopup_id\":0}' \/>\n<\/form>\n<\/div>\n[\/vc_column][\/vc_row][\/vc_section][vc_section full_width=&#8220;stretch_row_content&#8220; css=&#8220;.vc_custom_1776180678267{margin-top: 0px !important;padding-top: 0px !important;background-color: #E11612 !important;}&#8220; el_id=&#8220;footer&#8220;][vc_row][vc_column][vc_empty_space height=&#8220;10vh&#8220;][\/vc_column][\/vc_row][vc_row][vc_column width=&#8220;1\/2&#8243;][vc_column_text css=&#8220;.vc_custom_1778551413607{margin-bottom: 0px !important;}&#8220; el_class=&#8220;negro&#8220;]<\/p>\n<h2 style=\"text-align: left;\">KONTAKT<\/h2>\n<p>[\/vc_column_text][vc_column_text css=&#8220;.vc_custom_1777582211397{margin-bottom: 0px !important;padding-bottom: 0px !important;}&#8220; el_class=&#8220;negro&#8220;]<\/p>\n<p class=\"tipo-lectura\" style=\"text-align: left;\">info@fundacionbesares.org -whatsapp +54 9 11 6262 &#8211; 7125<\/p>\n<p>[\/vc_column_text][vc_icon icon_fontawesome=&#8220;fa fa-brands fa-instagram&#8220; color=&#8220;custom&#8220; size=&#8220;sm&#8220; css=&#8220;&#8220; el_class=&#8220;iconos-footer&#8220; link=&#8220;url:https%3A%2F%2Fwww.instagram.com%2Ffundacionbesares%2F|target:_blank&#8220; custom_color=&#8220;#000000&#8243;][vc_icon icon_fontawesome=&#8220;fa fa-brands fa-linkedin&#8220; color=&#8220;custom&#8220; size=&#8220;sm&#8220; css=&#8220;&#8220; el_class=&#8220;iconos-footer&#8220; link=&#8220;url:https%3A%2F%2Fwww.linkedin.com%2Fcompany%2Ffundaci%C3%B3nbesares%2Fposts%2F%3FfeedView%3Dall|target:_blank&#8220; custom_color=&#8220;#000000&#8243;][\/vc_column][vc_column width=&#8220;1\/2&#8243;][vc_empty_space height=&#8220;2vh&#8220;][vc_column_text css=&#8220;&#8220; el_class=&#8220;negro&#8220;]<\/p>\n<p class=\"tipo-lectura\" style=\"text-align: right;\">Alle Rechte an den Inhalten, insbesondere an Texten, Fotos und Grafiken, sind vorbehalten. Die Nutzung, der Verkauf oder die Vervielf\u00e4ltigung der Inhalte ohne Genehmigung ist untersagt.<\/p>\n<p>[\/vc_column_text][\/vc_column][\/vc_row][vc_row][vc_column][vc_empty_space height=&#8220;3vh&#8220;][\/vc_column][\/vc_row][\/vc_section]<\/p>\n<\/div>","protected":false},"excerpt":{"rendered":"<p>[vc_section full_width=&#8220;stretch_row_content&#8220; full_height=&#8220;yes&#8220; content_placement=&#8220;top&#8220; css=&#8220;.vc_custom_1778548503852{padding-top: 5vh !important;padding-bottom: 5vh !important;background-image: url(http:\/\/fundacionbesares.org\/wp-content\/uploads\/2022\/06\/besares-berlin-sin-fondo.png?id=654) !important;background-position: center !important;background-repeat: no-repeat !important;background-size: cover !important;}&#8220; el_id=&#8220;hero&#8220;][vc_row full_height=&#8220;yes&#8220;][vc_column offset=&#8220;vc_col-lg-offset-3 vc_col-lg-6&#8243;][vc_single_image image=&#8220;651&#8243; img_size=&#8220;FULL&#8220; alignment=&#8220;center&#8220; css=&#8220;&#8220;][vc_custom_heading text=&#8220;BESARES-BERLIN&#8220; font_container=&#8220;tag:h1|font_size:80px|text_align:center|color:%23000000&#8243; use_theme_fonts=&#8220;yes&#8220; css=&#8220;&#8220; el_class=&#8220;cindie&#8220;][vc_custom_heading text=&#8220;EL CIRCUITO &#8211; DER ZIRKEL&#8220; font_container=&#8220;tag:h2|font_size:24pt|text_align:center|color:%23FFFFFF&#8220; use_theme_fonts=&#8220;yes&#8220; css=&#8220;&#8220; el_class=&#8220;cindie&#8220;][vc_custom_heading text=&#8220;Eine Plattform zur Vernetzung von Berliner und lateinamerikanischen Musikern&#8220; font_container=&#8220;tag:h3|font_size:16pt|text_align:center&#8220; use_theme_fonts=&#8220;yes&#8220; css=&#8220;&#8220; el_class=&#8220;cindie negro&#8220;][\/vc_column][\/vc_row][\/vc_section][vc_section full_width=&#8220;stretch_row&#8220; css=&#8220;.vc_custom_1776084805865{background-color:&hellip; <a class=\"more-link\" href=\"https:\/\/fundacionbesares.org\/deu\/besares-berlin-new\/\"><span class=\"screen-reader-text\">Besares Berlin &#8211; New<\/span> weiterlesen<\/a><\/p>\n","protected":false},"author":1,"featured_media":0,"parent":0,"menu_order":0,"comment_status":"closed","ping_status":"closed","template":"","meta":{"footnotes":""},"class_list":["post-1222","page","type-page","status-publish","hentry","entry"],"jetpack_sharing_enabled":true,"_links":{"self":[{"href":"https:\/\/fundacionbesares.org\/deu\/wp-json\/wp\/v2\/pages\/1222","targetHints":{"allow":["GET"]}}],"collection":[{"href":"https:\/\/fundacionbesares.org\/deu\/wp-json\/wp\/v2\/pages"}],"about":[{"href":"https:\/\/fundacionbesares.org\/deu\/wp-json\/wp\/v2\/types\/page"}],"author":[{"embeddable":true,"href":"https:\/\/fundacionbesares.org\/deu\/wp-json\/wp\/v2\/users\/1"}],"replies":[{"embeddable":true,"href":"https:\/\/fundacionbesares.org\/deu\/wp-json\/wp\/v2\/comments?post=1222"}],"version-history":[{"count":32,"href":"https:\/\/fundacionbesares.org\/deu\/wp-json\/wp\/v2\/pages\/1222\/revisions"}],"predecessor-version":[{"id":1254,"href":"https:\/\/fundacionbesares.org\/deu\/wp-json\/wp\/v2\/pages\/1222\/revisions\/1254"}],"wp:attachment":[{"href":"https:\/\/fundacionbesares.org\/deu\/wp-json\/wp\/v2\/media?parent=1222"}],"curies":[{"name":"wp","href":"https:\/\/api.w.org\/{rel}","templated":true}]}}